{"id":2865,"date":"2015-12-25T01:04:59","date_gmt":"2015-12-25T01:04:59","guid":{"rendered":"http:\/\/ed-ubiquity.gsu.edu\/wordpress\/?page_id=2865"},"modified":"2020-11-03T15:42:02","modified_gmt":"2020-11-03T15:42:02","slug":"creative-works-volume-2-issue-2","status":"publish","type":"page","link":"https:\/\/ed-ubiquity.gsu.edu\/wordpress\/creative-works-volume-2-issue-2\/","title":{"rendered":"Creative Works"},"content":{"rendered":"<p><a href=\"http:\/\/ed-ubiquity.gsu.edu\/wordpress\/volume-2-number-2\/\">Issue 2.2<\/a><\/p>\n<p style=\"text-align: left;\"><strong><span style=\"font-family: georgia,palatino; font-size: 16pt;\">Open Theme: Volume 2, Issue 2, Winter 2015<\/span><\/strong><\/p>\n<p><img loading=\"lazy\" class=\"alignnone size-full wp-image-335\" src=\"http:\/\/ed-ubiquity.gsu.edu\/wordpress\/wp-content\/uploads\/2014\/03\/creative_bar.png\" alt=\"creative works divider\" width=\"400\" height=\"10\" srcset=\"https:\/\/ed-ubiquity.gsu.edu\/wordpress\/wp-content\/uploads\/2014\/03\/creative_bar.png 400w, https:\/\/ed-ubiquity.gsu.edu\/wordpress\/wp-content\/uploads\/2014\/03\/creative_bar-300x7.png 300w\" sizes=\"(max-width: 400px) 100vw, 400px\" \/><br \/>\n<a href=\"http:\/\/ed-ubiquity.gsu.edu\/wordpress\/mcgrail-creative-editorial-2-2\/\">Editorial<\/a>\u00a0 | \u00a0<a href=\"http:\/\/ed-ubiquity.gsu.edu\/wordpress\/creative-works-volume-2-issue-2\/#semiotic-2-2\">Semiotic Compositions<\/a>\u00a0 |\u00a0 <a href=\"http:\/\/ed-ubiquity.gsu.edu\/wordpress\/creative-works-volume-2-issue-2\/#literary-2-2\">Literary Compositions<\/a>\u00a0 |\u00a0 <a href=\"http:\/\/ed-ubiquity.gsu.edu\/wordpress\/creative-works-volume-2-issue-2\/#book-2-2\">Book Review<\/a><\/p>\n<p><span class=\"Apple-style-span\" style=\"font-family: Bitter, Georgia, serif; font-size: 30px; font-weight: bold; line-height: 39px; color: #000000;\"><a id=\"Semiotic-2-2\"><\/a>Semiotic Compositions<\/span><\/p>\n<p>Click the image for a larger view and more information about the artwork.<\/p>\n<table>\n<tbody>\n<tr>\n<td style=\"width: 500px; text-align: center; vertical-align: top;\" valign=\"top\"><a href=\"http:\/\/ed-ubiquity.gsu.edu\/wordpress\/pyyhkala-brauer-sukumaran-horak-blanding-therova-photography-2-2\/\"><img loading=\"lazy\" class=\"aligncenter wp-image-2882 size-full\" src=\"http:\/\/ed-ubiquity.gsu.edu\/wordpress\/wp-content\/uploads\/2015\/12\/Velvet_17_thumbnail.jpg\" alt=\"Velvet 17 thumbnail\" width=\"500\" height=\"285\" srcset=\"https:\/\/ed-ubiquity.gsu.edu\/wordpress\/wp-content\/uploads\/2015\/12\/Velvet_17_thumbnail.jpg 500w, https:\/\/ed-ubiquity.gsu.edu\/wordpress\/wp-content\/uploads\/2015\/12\/Velvet_17_thumbnail-300x171.jpg 300w\" sizes=\"(max-width: 500px) 100vw, 500px\" \/><\/a><\/p>\n<p><strong>VELVET 17 \u2013 Group Exhibit<\/strong><br \/>\nMinna Pyyhkala, Talitha Brauer, Saneesh Sukumaran,<br \/>\nHonza Horak, Melanie Blanding, <span dir=\"ltr\"><span style=\"color: #141412; font-family: Source Sans Pro,Helvetica,sans-serif;\">\u0160\u00e1rka Th\u00e9rov\u00e1<\/span><\/span><br \/>\n<a href=\"http:\/\/ed-ubiquity.gsu.edu\/wordpress\/pyyhkala-brauer-sukumaran-horak-blanding-therova-abstract-2-2\">Abstract<\/a>\u00a0 |\u00a0\u00a0<a href=\"http:\/\/ed-ubiquity.gsu.edu\/wordpress\/pyyhkala-brauer-sukumaran-horak-blanding-therova-photography-2-2\/\">Photography Exhibit<\/a>\u00a0 |\u00a0 <a href=\"http:\/\/ed-ubiquity.gsu.edu\/wordpress\/pyyhkala-brauer-sukumaran-horak-blanding-therova-biographical-2-2\">Biographical Note<\/a><\/td>\n<td style=\"width: 500px; text-align: center; vertical-align: top;\" valign=\"top\"><a href=\"http:\/\/ed-ubiquity.gsu.edu\/wordpress\/tibbs-photography-2-2\/\"><img loading=\"lazy\" class=\"aligncenter wp-image-2881 size-full\" src=\"http:\/\/ed-ubiquity.gsu.edu\/wordpress\/wp-content\/uploads\/2015\/12\/Fabric_Study_thumbnail.jpg\" alt=\"Fabric Study 02 thumbnail\" width=\"500\" height=\"285\" srcset=\"https:\/\/ed-ubiquity.gsu.edu\/wordpress\/wp-content\/uploads\/2015\/12\/Fabric_Study_thumbnail.jpg 500w, https:\/\/ed-ubiquity.gsu.edu\/wordpress\/wp-content\/uploads\/2015\/12\/Fabric_Study_thumbnail-300x171.jpg 300w\" sizes=\"(max-width: 500px) 100vw, 500px\" \/><\/a><\/p>\n<p><strong>Fabric Study 02<\/strong><br \/>\nShaleen M. Tibbs<br \/>\n<a href=\"http:\/\/ed-ubiquity.gsu.edu\/wordpress\/tibbs-abstract-2-2\/\">Abstract <\/a> |\u00a0\u00a0<a href=\"http:\/\/ed-ubiquity.gsu.edu\/wordpress\/tibbs-photography-2-2\/\">Photography Exhibit<\/a>\u00a0 |\u00a0 <a href=\"http:\/\/ed-ubiquity.gsu.edu\/wordpress\/tibbs-biographical-2-2\/\">Biographical Note<\/a><\/td>\n<\/tr>\n<\/tbody>\n<\/table>\n<div>\n<p><img loading=\"lazy\" src=\"http:\/\/ed-ubiquity.gsu.edu\/wordpress\/wp-content\/uploads\/2014\/03\/creative_bar.png\" alt=\"creative_bar\" width=\"400\" height=\"10\" \/><\/p>\n<h2><a id=\"literary-2-2\"><\/a>Literary Compositions<\/h2>\n<\/div>\n<div>\n<table>\n<tbody>\n<tr>\n<td><strong>Old Age<\/strong><br \/>\nTed Kesler<br \/>\n<a href=\"http:\/\/ed-ubiquity.gsu.edu\/wordpress\/kesler-poem-2-2\/\">Full Text<\/a>\u00a0 |\u00a0 <a href=\"http:\/\/ed-ubiquity.gsu.edu\/wordpress\/kesler-biographical-2-2\/\">Biographical Note<\/a><\/td>\n<\/tr>\n<\/tbody>\n<\/table>\n<\/div>\n<h2><img loading=\"lazy\" src=\"http:\/\/ed-ubiquity.gsu.edu\/wordpress\/wp-content\/uploads\/2014\/03\/creative_bar.png\" alt=\"creative_bar\" width=\"400\" height=\"10\" \/><\/h2>\n<h2><a id=\"book-2-2\"><\/a>Book Review<\/h2>\n<table>\n<tbody>\n<tr>\n<td><strong>Review of Requiem, Rwanda by Laura Apol<\/strong><br \/>\nRen\u00e9e Schatteman<br \/>\n<a href=\"http:\/\/ed-ubiquity.gsu.edu\/wordpress\/schatteman-abstract-2-2\/\">Abstract<\/a>\u00a0 |\u00a0 <a href=\"http:\/\/ed-ubiquity.gsu.edu\/wordpress\/schatteman-book-review-2-2\/\">Book Review<\/a> |\u00a0 <a href=\"http:\/\/ed-ubiquity.gsu.edu\/wordpress\/schatteman-biographical-2-2\/\">Biographical Note<\/a><\/td>\n<\/tr>\n<\/tbody>\n<\/table>\n<p><img loading=\"lazy\" class=\" size-full wp-image-501 aligncenter\" src=\"http:\/\/ed-ubiquity.gsu.edu\/wordpress\/wp-content\/uploads\/2014\/04\/colorBar.png\" alt=\"color bar\" width=\"1000\" height=\"5\" srcset=\"https:\/\/ed-ubiquity.gsu.edu\/wordpress\/wp-content\/uploads\/2014\/04\/colorBar.png 1000w, https:\/\/ed-ubiquity.gsu.edu\/wordpress\/wp-content\/uploads\/2014\/04\/colorBar-300x1.png 300w\" sizes=\"(max-width: 1000px) 100vw, 1000px\" \/><\/p>\n","protected":false},"excerpt":{"rendered":"<p>Issue 2.2 Open Theme: Volume 2, Issue 2, Winter 2015 Editorial\u00a0 | \u00a0Semiotic Compositions\u00a0 |\u00a0 Literary Compositions\u00a0 |\u00a0 Book Review Semiotic Compositions Click the image for a larger view and more information about the artwork. VELVET 17 \u2013 Group Exhibit Minna Pyyhkala, Talitha Brauer, Saneesh Sukumaran, Honza Horak, Melanie Blanding, \u0160\u00e1rka Th\u00e9rov\u00e1 Abstract\u00a0 |\u00a0\u00a0Photography Exhibit\u00a0 &hellip; <a href=\"https:\/\/ed-ubiquity.gsu.edu\/wordpress\/creative-works-volume-2-issue-2\/\" class=\"more-link\">Continue reading <span class=\"screen-reader-text\">Creative Works<\/span> <span class=\"meta-nav\">&rarr;<\/span><\/a><\/p>\n","protected":false},"author":1,"featured_media":414,"parent":0,"menu_order":0,"comment_status":"closed","ping_status":"closed","template":"","meta":{"spay_email":""},"_links":{"self":[{"href":"https:\/\/ed-ubiquity.gsu.edu\/wordpress\/wp-json\/wp\/v2\/pages\/2865"}],"collection":[{"href":"https:\/\/ed-ubiquity.gsu.edu\/wordpress\/wp-json\/wp\/v2\/pages"}],"about":[{"href":"https:\/\/ed-ubiquity.gsu.edu\/wordpress\/wp-json\/wp\/v2\/types\/page"}],"author":[{"embeddable":true,"href":"https:\/\/ed-ubiquity.gsu.edu\/wordpress\/wp-json\/wp\/v2\/users\/1"}],"replies":[{"embeddable":true,"href":"https:\/\/ed-ubiquity.gsu.edu\/wordpress\/wp-json\/wp\/v2\/comments?post=2865"}],"version-history":[{"count":18,"href":"https:\/\/ed-ubiquity.gsu.edu\/wordpress\/wp-json\/wp\/v2\/pages\/2865\/revisions"}],"predecessor-version":[{"id":3157,"href":"https:\/\/ed-ubiquity.gsu.edu\/wordpress\/wp-json\/wp\/v2\/pages\/2865\/revisions\/3157"}],"wp:featuredmedia":[{"embeddable":true,"href":"https:\/\/ed-ubiquity.gsu.edu\/wordpress\/wp-json\/wp\/v2\/media\/414"}],"wp:attachment":[{"href":"https:\/\/ed-ubiquity.gsu.edu\/wordpress\/wp-json\/wp\/v2\/media?parent=2865"}],"curies":[{"name":"wp","href":"https:\/\/api.w.org\/{rel}","templated":true}]}}